{"id":5407,"date":"2022-11-10T12:08:14","date_gmt":"2022-11-10T11:08:14","guid":{"rendered":"https:\/\/www.portoni-industriali.it\/informations\/"},"modified":"2023-12-20T15:02:09","modified_gmt":"2023-12-20T14:02:09","slug":"nouvelles","status":"publish","type":"page","link":"https:\/\/www.ocmflex.com\/fr\/nouvelles\/","title":{"rendered":"Nouvelles"},"content":{"rendered":"\t\t<div data-elementor-type=\"wp-page\" data-elementor-id=\"5407\" class=\"elementor elementor-5407 elementor-1560\" data-elementor-settings=\"{&quot;element_pack_global_tooltip_width&quot;:{&quot;unit&quot;:&quot;px&quot;,&quot;size&quot;:&quot;&quot;,&quot;sizes&quot;:[]},&quot;element_pack_global_tooltip_width_tablet&quot;:{&quot;unit&quot;:&quot;px&quot;,&quot;size&quot;:&quot;&quot;,&quot;sizes&quot;:[]},&quot;element_pack_global_tooltip_width_mobile&quot;:{&quot;unit&quot;:&quot;px&quot;,&quot;size&quot;:&quot;&quot;,&quot;sizes&quot;:[]},&quot;element_pack_global_tooltip_padding&quot;:{&quot;unit&quot;:&quot;px&quot;,&quot;top&quot;:&quot;&quot;,&quot;right&quot;:&quot;&quot;,&quot;bottom&quot;:&quot;&quot;,&quot;left&quot;:&quot;&quot;,&quot;isLinked&quot;:true},&quot;element_pack_global_tooltip_padding_tablet&quot;:{&quot;unit&quot;:&quot;px&quot;,&quot;top&quot;:&quot;&quot;,&quot;right&quot;:&quot;&quot;,&quot;bottom&quot;:&quot;&quot;,&quot;left&quot;:&quot;&quot;,&quot;isLinked&quot;:true},&quot;element_pack_global_tooltip_padding_mobile&quot;:{&quot;unit&quot;:&quot;px&quot;,&quot;top&quot;:&quot;&quot;,&quot;right&quot;:&quot;&quot;,&quot;bottom&quot;:&quot;&quot;,&quot;left&quot;:&quot;&quot;,&quot;isLinked&quot;:true},&quot;element_pack_global_tooltip_border_radius&quot;:{&quot;unit&quot;:&quot;px&quot;,&quot;top&quot;:&quot;&quot;,&quot;right&quot;:&quot;&quot;,&quot;bottom&quot;:&quot;&quot;,&quot;left&quot;:&quot;&quot;,&quot;isLinked&quot;:true},&quot;element_pack_global_tooltip_border_radius_tablet&quot;:{&quot;unit&quot;:&quot;px&quot;,&quot;top&quot;:&quot;&quot;,&quot;right&quot;:&quot;&quot;,&quot;bottom&quot;:&quot;&quot;,&quot;left&quot;:&quot;&quot;,&quot;isLinked&quot;:true},&quot;element_pack_global_tooltip_border_radius_mobile&quot;:{&quot;unit&quot;:&quot;px&quot;,&quot;top&quot;:&quot;&quot;,&quot;right&quot;:&quot;&quot;,&quot;bottom&quot;:&quot;&quot;,&quot;left&quot;:&quot;&quot;,&quot;isLinked&quot;:true}}\" data-elementor-post-type=\"page\">\n\t\t\t\t\t\t<section class=\"elementor-section elementor-top-section elementor-element elementor-element-5c3c068d elementor-section-height-min-height elementor-section-boxed elementor-section-height-default elementor-section-items-middle\" data-id=\"5c3c068d\" data-element_type=\"section\" data-e-type=\"section\" data-settings=\"{&quot;background_background&quot;:&quot;classic&quot;}\">\n\t\t\t\t\t\t<div class=\"elementor-container elementor-column-gap-default\">\n\t\t\t\t\t<div class=\"elementor-column elementor-col-100 elementor-top-column elementor-element elementor-element-2dd512b3\" data-id=\"2dd512b3\" data-element_type=\"column\" data-e-type=\"column\">\n\t\t\t<div class=\"elementor-widget-wrap\">\n\t\t\t\t\t\t\t<\/div>\n\t\t<\/div>\n\t\t\t\t\t<\/div>\n\t\t<\/section>\n\t\t\t\t<section class=\"elementor-section elementor-top-section elementor-element elementor-element-3d101295 elementor-section-full_width elementor-section-height-default elementor-section-height-default\" data-id=\"3d101295\" data-element_type=\"section\" data-e-type=\"section\" data-settings=\"{&quot;background_background&quot;:&quot;classic&quot;}\">\n\t\t\t\t\t\t<div class=\"elementor-container elementor-column-gap-default\">\n\t\t\t\t\t<div class=\"elementor-column elementor-col-100 elementor-top-column elementor-element elementor-element-580019a9\" data-id=\"580019a9\" data-element_type=\"column\" data-e-type=\"column\" data-settings=\"{&quot;background_background&quot;:&quot;classic&quot;}\">\n\t\t\t<div class=\"elementor-widget-wrap elementor-element-populated\">\n\t\t\t\t\t\t<section class=\"elementor-section elementor-inner-section elementor-element elementor-element-727d4e10 elementor-section-boxed elementor-section-height-default elementor-section-height-default\" data-id=\"727d4e10\" data-element_type=\"section\" data-e-type=\"section\">\n\t\t\t\t\t\t<div class=\"elementor-container elementor-column-gap-default\">\n\t\t\t\t\t<div class=\"elementor-column elementor-col-100 elementor-inner-column elementor-element elementor-element-23314c8\" data-id=\"23314c8\" data-element_type=\"column\" data-e-type=\"column\">\n\t\t\t<div class=\"elementor-widget-wrap elementor-element-populated\">\n\t\t\t\t\t\t<div class=\"elementor-element elementor-element-103b6c14 elementor-widget elementor-widget-heading\" data-id=\"103b6c14\" data-element_type=\"widget\" data-e-type=\"widget\" data-widget_type=\"heading.default\">\n\t\t\t\t<div class=\"elementor-widget-container\">\n\t\t\t\t\t<h1 class=\"elementor-heading-title elementor-size-default\">Nouvelles et actualit\u00e9s<\/h1>\t\t\t\t<\/div>\n\t\t\t\t<\/div>\n\t\t\t\t<div class=\"elementor-element elementor-element-5a77331b elementor-widget elementor-widget-heading\" data-id=\"5a77331b\" data-element_type=\"widget\" data-e-type=\"widget\" data-widget_type=\"heading.default\">\n\t\t\t\t<div class=\"elementor-widget-container\">\n\t\t\t\t\t<span class=\"elementor-heading-title elementor-size-default\">Tout sur les portes industrielles<\/span>\t\t\t\t<\/div>\n\t\t\t\t<\/div>\n\t\t\t\t\t<\/div>\n\t\t<\/div>\n\t\t\t\t\t<\/div>\n\t\t<\/section>\n\t\t\t\t\t<\/div>\n\t\t<\/div>\n\t\t\t\t\t<\/div>\n\t\t<\/section>\n\t\t\t\t<section class=\"elementor-section elementor-top-section elementor-element elementor-element-70a2e1cf elementor-section-boxed elementor-section-height-default elementor-section-height-default\" data-id=\"70a2e1cf\" data-element_type=\"section\" data-e-type=\"section\">\n\t\t\t\t\t\t<div class=\"elementor-container elementor-column-gap-default\">\n\t\t\t\t\t<div class=\"elementor-column elementor-col-100 elementor-top-column elementor-element elementor-element-7b23db01\" data-id=\"7b23db01\" data-element_type=\"column\" data-e-type=\"column\">\n\t\t\t<div class=\"elementor-widget-wrap elementor-element-populated\">\n\t\t\t\t\t\t<div class=\"elementor-element elementor-element-261c2ff2 elementor-grid-2 elementor-grid-tablet-2 elementor-grid-mobile-1 elementor-posts--thumbnail-top elementor-card-shadow-yes elementor-posts__hover-gradient elementor-widget elementor-widget-posts\" data-id=\"261c2ff2\" data-element_type=\"widget\" data-e-type=\"widget\" data-settings=\"{&quot;cards_columns&quot;:&quot;2&quot;,&quot;pagination_type&quot;:&quot;numbers_and_prev_next&quot;,&quot;cards_columns_tablet&quot;:&quot;2&quot;,&quot;cards_columns_mobile&quot;:&quot;1&quot;,&quot;cards_row_gap&quot;:{&quot;unit&quot;:&quot;px&quot;,&quot;size&quot;:35,&quot;sizes&quot;:[]},&quot;cards_row_gap_tablet&quot;:{&quot;unit&quot;:&quot;px&quot;,&quot;size&quot;:&quot;&quot;,&quot;sizes&quot;:[]},&quot;cards_row_gap_mobile&quot;:{&quot;unit&quot;:&quot;px&quot;,&quot;size&quot;:&quot;&quot;,&quot;sizes&quot;:[]}}\" data-widget_type=\"posts.cards\">\n\t\t\t\t<div class=\"elementor-widget-container\">\n\t\t\t\t\t\t\t<div class=\"elementor-posts-container elementor-posts elementor-posts--skin-cards elementor-grid\" role=\"list\">\n\t\t\t\t<article class=\"elementor-post elementor-grid-item post-24952 post type-post status-publish format-standard has-post-thumbnail hentry category-nouvelles\" role=\"listitem\">\n\t\t\t<div class=\"elementor-post__card\">\n\t\t\t\t<a class=\"elementor-post__thumbnail__link\" href=\"https:\/\/www.ocmflex.com\/fr\/salon-refrigera-2025\/\" tabindex=\"-1\" ><div class=\"elementor-post__thumbnail\"><img fetchpriority=\"high\" decoding=\"async\" width=\"2048\" height=\"1536\" src=\"https:\/\/www.ocmflex.com\/wp-content\/uploads\/2025\/11\/IMG_9920_A-scaled.jpg\" class=\"attachment-full size-full wp-image-24920\" alt=\"FIERA REFRIGERA 2025\" srcset=\"https:\/\/www.ocmflex.com\/wp-content\/uploads\/2025\/11\/IMG_9920_A-scaled.jpg 2048w, https:\/\/www.ocmflex.com\/wp-content\/uploads\/2025\/11\/IMG_9920_A-300x225.jpg 300w, https:\/\/www.ocmflex.com\/wp-content\/uploads\/2025\/11\/IMG_9920_A-1024x768.jpg 1024w, https:\/\/www.ocmflex.com\/wp-content\/uploads\/2025\/11\/IMG_9920_A-768x576.jpg 768w, https:\/\/www.ocmflex.com\/wp-content\/uploads\/2025\/11\/IMG_9920_A-1536x1152.jpg 1536w\" sizes=\"(max-width: 2048px) 100vw, 2048px\" \/><\/div><\/a>\n\t\t\t\t<div class=\"elementor-post__badge\">Nouvelles<\/div>\n\t\t\t\t<div class=\"elementor-post__text\">\n\t\t\t\t<h2 class=\"elementor-post__title\">\n\t\t\t<a href=\"https:\/\/www.ocmflex.com\/fr\/salon-refrigera-2025\/\" >\n\t\t\t\tSalon Refrigera 2025\t\t\t<\/a>\n\t\t<\/h2>\n\t\t\t\t<div class=\"elementor-post__excerpt\">\n\t\t\t<p>Le salon Refrigera 2025 est l&rsquo;occasion id\u00e9ale pour d\u00e9couvrir la qualit\u00e9 OCM et comment nous pouvons am\u00e9liorer l&rsquo;efficacit\u00e9 et la s\u00e9curit\u00e9 de votre environnement industriel.<\/p>\n\t\t<\/div>\n\t\t\n\t\t<a class=\"elementor-post__read-more\" href=\"https:\/\/www.ocmflex.com\/fr\/salon-refrigera-2025\/\" aria-label=\"En savoir plus sur Salon Refrigera 2025\" tabindex=\"-1\" >\n\t\t\tVoir l'article \u00bb\t\t<\/a>\n\n\t\t\t\t<\/div>\n\t\t\t\t\t<\/div>\n\t\t<\/article>\n\t\t\t\t<article class=\"elementor-post elementor-grid-item post-24544 post type-post status-publish format-standard has-post-thumbnail hentry category-nouvelles tag-portes-coupe-feu tag-portes-coupe-feu-rei\" role=\"listitem\">\n\t\t\t<div class=\"elementor-post__card\">\n\t\t\t\t<a class=\"elementor-post__thumbnail__link\" href=\"https:\/\/www.ocmflex.com\/fr\/portes-coupe-feu-rei\/\" tabindex=\"-1\" ><div class=\"elementor-post__thumbnail\"><img decoding=\"async\" width=\"1600\" height=\"1200\" src=\"https:\/\/www.ocmflex.com\/wp-content\/uploads\/2024\/09\/53989603765_b7e36cbe80_o.jpg\" class=\"attachment-full size-full wp-image-24467\" alt=\"Porte tagliafuoco REI\" srcset=\"https:\/\/www.ocmflex.com\/wp-content\/uploads\/2024\/09\/53989603765_b7e36cbe80_o.jpg 1600w, https:\/\/www.ocmflex.com\/wp-content\/uploads\/2024\/09\/53989603765_b7e36cbe80_o-300x225.jpg 300w, https:\/\/www.ocmflex.com\/wp-content\/uploads\/2024\/09\/53989603765_b7e36cbe80_o-1024x768.jpg 1024w, https:\/\/www.ocmflex.com\/wp-content\/uploads\/2024\/09\/53989603765_b7e36cbe80_o-768x576.jpg 768w, https:\/\/www.ocmflex.com\/wp-content\/uploads\/2024\/09\/53989603765_b7e36cbe80_o-1536x1152.jpg 1536w\" sizes=\"(max-width: 1600px) 100vw, 1600px\" \/><\/div><\/a>\n\t\t\t\t<div class=\"elementor-post__badge\">Nouvelles<\/div>\n\t\t\t\t<div class=\"elementor-post__text\">\n\t\t\t\t<h2 class=\"elementor-post__title\">\n\t\t\t<a href=\"https:\/\/www.ocmflex.com\/fr\/portes-coupe-feu-rei\/\" >\n\t\t\t\tPortes coupe-feu REI\t\t\t<\/a>\n\t\t<\/h2>\n\t\t\t\t<div class=\"elementor-post__excerpt\">\n\t\t\t<p>D\u00e9couvrez nos portes REI, con\u00e7ues pour r\u00e9sister au feu et constituer une barri\u00e8re efficace contre les flammes et la fum\u00e9e!<\/p>\n\t\t<\/div>\n\t\t\n\t\t<a class=\"elementor-post__read-more\" href=\"https:\/\/www.ocmflex.com\/fr\/portes-coupe-feu-rei\/\" aria-label=\"En savoir plus sur Portes coupe-feu REI\" tabindex=\"-1\" >\n\t\t\tVoir l'article \u00bb\t\t<\/a>\n\n\t\t\t\t<\/div>\n\t\t\t\t\t<\/div>\n\t\t<\/article>\n\t\t\t\t<article class=\"elementor-post elementor-grid-item post-24395 post type-post status-publish format-standard has-post-thumbnail hentry category-nouvelles tag-portes-rapides-a-empilement tag-portes-rapides-a-enroulement\" role=\"listitem\">\n\t\t\t<div class=\"elementor-post__card\">\n\t\t\t\t<a class=\"elementor-post__thumbnail__link\" href=\"https:\/\/www.ocmflex.com\/fr\/portes-rapides-a-empilement-de-grandes-dimensions\/\" tabindex=\"-1\" ><div class=\"elementor-post__thumbnail\"><img decoding=\"async\" width=\"800\" height=\"600\" src=\"https:\/\/www.ocmflex.com\/wp-content\/uploads\/2023\/12\/OCM-high-speed-fold-up-door-green.webp\" class=\"attachment-full size-full wp-image-21951\" alt=\"porte \u00e0 empilement\" srcset=\"https:\/\/www.ocmflex.com\/wp-content\/uploads\/2023\/12\/OCM-high-speed-fold-up-door-green.webp 800w, https:\/\/www.ocmflex.com\/wp-content\/uploads\/2023\/12\/OCM-high-speed-fold-up-door-green-300x225.webp 300w, https:\/\/www.ocmflex.com\/wp-content\/uploads\/2023\/12\/OCM-high-speed-fold-up-door-green-768x576.webp 768w\" sizes=\"(max-width: 800px) 100vw, 800px\" \/><\/div><\/a>\n\t\t\t\t<div class=\"elementor-post__badge\">Nouvelles<\/div>\n\t\t\t\t<div class=\"elementor-post__text\">\n\t\t\t\t<h2 class=\"elementor-post__title\">\n\t\t\t<a href=\"https:\/\/www.ocmflex.com\/fr\/portes-rapides-a-empilement-de-grandes-dimensions\/\" >\n\t\t\t\tPortes rapides \u00e0 empilement de grandes dimensions\t\t\t<\/a>\n\t\t<\/h2>\n\t\t\t\t<div class=\"elementor-post__excerpt\">\n\t\t\t<p>D\u00e9couvrez nos portes rapides \u00e0 empilement de grandes dimensions, contactez-nous pour votre porte personnalis\u00e9e!<\/p>\n\t\t<\/div>\n\t\t\n\t\t<a class=\"elementor-post__read-more\" href=\"https:\/\/www.ocmflex.com\/fr\/portes-rapides-a-empilement-de-grandes-dimensions\/\" aria-label=\"En savoir plus sur Portes rapides \u00e0 empilement de grandes dimensions\" tabindex=\"-1\" >\n\t\t\tVoir l'article \u00bb\t\t<\/a>\n\n\t\t\t\t<\/div>\n\t\t\t\t\t<\/div>\n\t\t<\/article>\n\t\t\t\t<article class=\"elementor-post elementor-grid-item post-23938 post type-post status-publish format-standard has-post-thumbnail hentry category-nouvelles tag-portes-rapides-a-empilement tag-portes-rapides-a-enroulement\" role=\"listitem\">\n\t\t\t<div class=\"elementor-post__card\">\n\t\t\t\t<a class=\"elementor-post__thumbnail__link\" href=\"https:\/\/www.ocmflex.com\/fr\/portes-rapides-a-empilement\/\" tabindex=\"-1\" ><div class=\"elementor-post__thumbnail\"><img loading=\"lazy\" decoding=\"async\" width=\"2048\" height=\"1536\" src=\"https:\/\/www.ocmflex.com\/wp-content\/uploads\/2024\/02\/capannone-agricolo-portone-veloce-scaled.jpg\" class=\"attachment-full size-full wp-image-23867\" alt=\"porte rapide ad impacchettamento\" srcset=\"https:\/\/www.ocmflex.com\/wp-content\/uploads\/2024\/02\/capannone-agricolo-portone-veloce-scaled.jpg 2048w, https:\/\/www.ocmflex.com\/wp-content\/uploads\/2024\/02\/capannone-agricolo-portone-veloce-300x225.jpg 300w, https:\/\/www.ocmflex.com\/wp-content\/uploads\/2024\/02\/capannone-agricolo-portone-veloce-1024x768.jpg 1024w, https:\/\/www.ocmflex.com\/wp-content\/uploads\/2024\/02\/capannone-agricolo-portone-veloce-768x576.jpg 768w, https:\/\/www.ocmflex.com\/wp-content\/uploads\/2024\/02\/capannone-agricolo-portone-veloce-1536x1152.jpg 1536w\" sizes=\"(max-width: 2048px) 100vw, 2048px\" \/><\/div><\/a>\n\t\t\t\t<div class=\"elementor-post__badge\">Nouvelles<\/div>\n\t\t\t\t<div class=\"elementor-post__text\">\n\t\t\t\t<h2 class=\"elementor-post__title\">\n\t\t\t<a href=\"https:\/\/www.ocmflex.com\/fr\/portes-rapides-a-empilement\/\" >\n\t\t\t\tPortes rapides \u00e0 empilement\t\t\t<\/a>\n\t\t<\/h2>\n\t\t\t\t<div class=\"elementor-post__excerpt\">\n\t\t\t<p>Choisissez nos portes \u00e0 empilement rapide pour l&rsquo;avenir de votre entreprise, contactez-nous pour votre porte personnalis\u00e9e!<\/p>\n\t\t<\/div>\n\t\t\n\t\t<a class=\"elementor-post__read-more\" href=\"https:\/\/www.ocmflex.com\/fr\/portes-rapides-a-empilement\/\" aria-label=\"En savoir plus sur Portes rapides \u00e0 empilement\" tabindex=\"-1\" >\n\t\t\tVoir l'article \u00bb\t\t<\/a>\n\n\t\t\t\t<\/div>\n\t\t\t\t\t<\/div>\n\t\t<\/article>\n\t\t\t\t<article class=\"elementor-post elementor-grid-item post-23930 post type-post status-publish format-standard has-post-thumbnail hentry category-nouvelles tag-portes-rapides-a-empilement tag-portes-rapides-a-enroulement\" role=\"listitem\">\n\t\t\t<div class=\"elementor-post__card\">\n\t\t\t\t<a class=\"elementor-post__thumbnail__link\" href=\"https:\/\/www.ocmflex.com\/fr\/portes-rapides-industrielles-avantages-principaux\/\" tabindex=\"-1\" ><div class=\"elementor-post__thumbnail\"><img loading=\"lazy\" decoding=\"async\" width=\"798\" height=\"598\" src=\"https:\/\/www.ocmflex.com\/wp-content\/uploads\/2023\/12\/OCM-high-speed-fold-up-door-logistics.webp\" class=\"attachment-full size-full wp-image-21975\" alt=\"Portes \u00e0 empilement rapide ocmflex\" srcset=\"https:\/\/www.ocmflex.com\/wp-content\/uploads\/2023\/12\/OCM-high-speed-fold-up-door-logistics.webp 798w, https:\/\/www.ocmflex.com\/wp-content\/uploads\/2023\/12\/OCM-high-speed-fold-up-door-logistics-300x225.webp 300w, https:\/\/www.ocmflex.com\/wp-content\/uploads\/2023\/12\/OCM-high-speed-fold-up-door-logistics-768x576.webp 768w\" sizes=\"(max-width: 798px) 100vw, 798px\" \/><\/div><\/a>\n\t\t\t\t<div class=\"elementor-post__badge\">Nouvelles<\/div>\n\t\t\t\t<div class=\"elementor-post__text\">\n\t\t\t\t<h2 class=\"elementor-post__title\">\n\t\t\t<a href=\"https:\/\/www.ocmflex.com\/fr\/portes-rapides-industrielles-avantages-principaux\/\" >\n\t\t\t\tPortes rapides industrielles: avantages principaux\t\t\t<\/a>\n\t\t<\/h2>\n\t\t\t\t<div class=\"elementor-post__excerpt\">\n\t\t\t<p>Pourquoi installer les portes rapides industrielles? D\u00e9couvrez les avantages principaux que les portes rapides OCM peuvent apporter \u00e0 votre entreprise! <\/p>\n\t\t<\/div>\n\t\t\n\t\t<a class=\"elementor-post__read-more\" href=\"https:\/\/www.ocmflex.com\/fr\/portes-rapides-industrielles-avantages-principaux\/\" aria-label=\"En savoir plus sur Portes rapides industrielles: avantages principaux\" tabindex=\"-1\" >\n\t\t\tVoir l'article \u00bb\t\t<\/a>\n\n\t\t\t\t<\/div>\n\t\t\t\t\t<\/div>\n\t\t<\/article>\n\t\t\t\t<article class=\"elementor-post elementor-grid-item post-23690 post type-post status-publish format-standard has-post-thumbnail hentry category-nouvelles tag-portes-rapides-a-empilement tag-portes-rapides-a-enroulement\" role=\"listitem\">\n\t\t\t<div class=\"elementor-post__card\">\n\t\t\t\t<a class=\"elementor-post__thumbnail__link\" href=\"https:\/\/www.ocmflex.com\/fr\/rideaux-a-lanieres-en-pvc\/\" tabindex=\"-1\" ><div class=\"elementor-post__thumbnail\"><img loading=\"lazy\" decoding=\"async\" width=\"1200\" height=\"900\" src=\"https:\/\/www.ocmflex.com\/wp-content\/uploads\/2023\/12\/OCM-PVC-strip-curtain.webp\" class=\"attachment-full size-full wp-image-22383\" alt=\"Rideaux \u00e0 lani\u00e8res en PVC ocmflex\" srcset=\"https:\/\/www.ocmflex.com\/wp-content\/uploads\/2023\/12\/OCM-PVC-strip-curtain.webp 1200w, https:\/\/www.ocmflex.com\/wp-content\/uploads\/2023\/12\/OCM-PVC-strip-curtain-300x225.webp 300w, https:\/\/www.ocmflex.com\/wp-content\/uploads\/2023\/12\/OCM-PVC-strip-curtain-1024x768.webp 1024w, https:\/\/www.ocmflex.com\/wp-content\/uploads\/2023\/12\/OCM-PVC-strip-curtain-768x576.webp 768w\" sizes=\"(max-width: 1200px) 100vw, 1200px\" \/><\/div><\/a>\n\t\t\t\t<div class=\"elementor-post__badge\">Nouvelles<\/div>\n\t\t\t\t<div class=\"elementor-post__text\">\n\t\t\t\t<h2 class=\"elementor-post__title\">\n\t\t\t<a href=\"https:\/\/www.ocmflex.com\/fr\/rideaux-a-lanieres-en-pvc\/\" >\n\t\t\t\tRideaux \u00e0 lani\u00e8res en PVC\t\t\t<\/a>\n\t\t<\/h2>\n\t\t\t\t<div class=\"elementor-post__excerpt\">\n\t\t\t<p>En savoir plus sur nos rideaux \u00e0 lani\u00e8res flexibles en PVC fabriqu\u00e9s sur mesure pour une s\u00e9paration \u00e9conomique et facile des pi\u00e8ces! <\/p>\n\t\t<\/div>\n\t\t\n\t\t<a class=\"elementor-post__read-more\" href=\"https:\/\/www.ocmflex.com\/fr\/rideaux-a-lanieres-en-pvc\/\" aria-label=\"En savoir plus sur Rideaux \u00e0 lani\u00e8res en PVC\" tabindex=\"-1\" >\n\t\t\tVoir l'article \u00bb\t\t<\/a>\n\n\t\t\t\t<\/div>\n\t\t\t\t\t<\/div>\n\t\t<\/article>\n\t\t\t\t<article class=\"elementor-post elementor-grid-item post-23694 post type-post status-publish format-standard has-post-thumbnail hentry category-nouvelles tag-portes-rapides-a-empilement tag-portes-rapides-a-enroulement\" role=\"listitem\">\n\t\t\t<div class=\"elementor-post__card\">\n\t\t\t\t<a class=\"elementor-post__thumbnail__link\" href=\"https:\/\/www.ocmflex.com\/fr\/volets-roulants-industriels-a-biella\/\" tabindex=\"-1\" ><div class=\"elementor-post__thumbnail\"><img loading=\"lazy\" decoding=\"async\" width=\"800\" height=\"600\" src=\"https:\/\/www.ocmflex.com\/wp-content\/uploads\/2023\/12\/OCM-industrial-roller-shutter.webp\" class=\"attachment-full size-full wp-image-22587\" alt=\"volet roulant\" srcset=\"https:\/\/www.ocmflex.com\/wp-content\/uploads\/2023\/12\/OCM-industrial-roller-shutter.webp 800w, https:\/\/www.ocmflex.com\/wp-content\/uploads\/2023\/12\/OCM-industrial-roller-shutter-300x225.webp 300w, https:\/\/www.ocmflex.com\/wp-content\/uploads\/2023\/12\/OCM-industrial-roller-shutter-768x576.webp 768w\" sizes=\"(max-width: 800px) 100vw, 800px\" \/><\/div><\/a>\n\t\t\t\t<div class=\"elementor-post__badge\">Nouvelles<\/div>\n\t\t\t\t<div class=\"elementor-post__text\">\n\t\t\t\t<h2 class=\"elementor-post__title\">\n\t\t\t<a href=\"https:\/\/www.ocmflex.com\/fr\/volets-roulants-industriels-a-biella\/\" >\n\t\t\t\tVolets roulants industriels \u00e0 Biella\t\t\t<\/a>\n\t\t<\/h2>\n\t\t\t\t<div class=\"elementor-post__excerpt\">\n\t\t\t<p>Choisissez nos volets roulants industriels pour une fermeture s\u00fbre et durable dans les applications commerciales et industrielles: production \u00e0 Biella (Italie)<\/p>\n\t\t<\/div>\n\t\t\n\t\t<a class=\"elementor-post__read-more\" href=\"https:\/\/www.ocmflex.com\/fr\/volets-roulants-industriels-a-biella\/\" aria-label=\"En savoir plus sur Volets roulants industriels \u00e0 Biella\" tabindex=\"-1\" >\n\t\t\tVoir l'article \u00bb\t\t<\/a>\n\n\t\t\t\t<\/div>\n\t\t\t\t\t<\/div>\n\t\t<\/article>\n\t\t\t\t<article class=\"elementor-post elementor-grid-item post-21654 post type-post status-publish format-standard has-post-thumbnail hentry category-nouvelles tag-portes-rapides-a-empilement tag-portes-rapides-a-enroulement\" role=\"listitem\">\n\t\t\t<div class=\"elementor-post__card\">\n\t\t\t\t<a class=\"elementor-post__thumbnail__link\" href=\"https:\/\/www.ocmflex.com\/fr\/exposition-itma-2023\/\" tabindex=\"-1\" ><div class=\"elementor-post__thumbnail\"><img loading=\"lazy\" decoding=\"async\" width=\"701\" height=\"526\" src=\"https:\/\/www.ocmflex.com\/wp-content\/uploads\/2023\/06\/news-fiera-itma_4x3.jpg\" class=\"attachment-full size-full wp-image-21652\" alt=\"\" srcset=\"https:\/\/www.ocmflex.com\/wp-content\/uploads\/2023\/06\/news-fiera-itma_4x3.jpg 701w, https:\/\/www.ocmflex.com\/wp-content\/uploads\/2023\/06\/news-fiera-itma_4x3-300x225.jpg 300w\" sizes=\"(max-width: 701px) 100vw, 701px\" \/><\/div><\/a>\n\t\t\t\t<div class=\"elementor-post__badge\">Nouvelles<\/div>\n\t\t\t\t<div class=\"elementor-post__text\">\n\t\t\t\t<h2 class=\"elementor-post__title\">\n\t\t\t<a href=\"https:\/\/www.ocmflex.com\/fr\/exposition-itma-2023\/\" >\n\t\t\t\tExposition ITMA 2023\t\t\t<\/a>\n\t\t<\/h2>\n\t\t\t\t<div class=\"elementor-post__excerpt\">\n\t\t\t<p>Les portes \u00e0 enroulement rapide sont des portes rapides qui s&rsquo;ouvrent et se ferment par un mouvement d&rsquo;enroulement vertical.<\/p>\n\t\t<\/div>\n\t\t\n\t\t<a class=\"elementor-post__read-more\" href=\"https:\/\/www.ocmflex.com\/fr\/exposition-itma-2023\/\" aria-label=\"En savoir plus sur Exposition ITMA 2023\" tabindex=\"-1\" >\n\t\t\tVoir l'article \u00bb\t\t<\/a>\n\n\t\t\t\t<\/div>\n\t\t\t\t\t<\/div>\n\t\t<\/article>\n\t\t\t\t<article class=\"elementor-post elementor-grid-item post-21670 post type-post status-publish format-standard has-post-thumbnail hentry category-nouvelles tag-portes tag-portes-rapides-a-enroulement\" role=\"listitem\">\n\t\t\t<div class=\"elementor-post__card\">\n\t\t\t\t<a class=\"elementor-post__thumbnail__link\" href=\"https:\/\/www.ocmflex.com\/fr\/portes-a-enroulement-rapide\/\" tabindex=\"-1\" ><div class=\"elementor-post__thumbnail\"><img loading=\"lazy\" decoding=\"async\" width=\"1920\" height=\"949\" src=\"https:\/\/www.ocmflex.com\/wp-content\/uploads\/2021\/07\/ocm-flex-portoni-industriali-00.jpg\" class=\"attachment-full size-full wp-image-21671\" alt=\"\" srcset=\"https:\/\/www.ocmflex.com\/wp-content\/uploads\/2021\/07\/ocm-flex-portoni-industriali-00.jpg 1920w, https:\/\/www.ocmflex.com\/wp-content\/uploads\/2021\/07\/ocm-flex-portoni-industriali-00-300x148.jpg 300w, https:\/\/www.ocmflex.com\/wp-content\/uploads\/2021\/07\/ocm-flex-portoni-industriali-00-1024x506.jpg 1024w, https:\/\/www.ocmflex.com\/wp-content\/uploads\/2021\/07\/ocm-flex-portoni-industriali-00-768x380.jpg 768w, https:\/\/www.ocmflex.com\/wp-content\/uploads\/2021\/07\/ocm-flex-portoni-industriali-00-1536x759.jpg 1536w\" sizes=\"(max-width: 1920px) 100vw, 1920px\" \/><\/div><\/a>\n\t\t\t\t<div class=\"elementor-post__badge\">Nouvelles<\/div>\n\t\t\t\t<div class=\"elementor-post__text\">\n\t\t\t\t<h2 class=\"elementor-post__title\">\n\t\t\t<a href=\"https:\/\/www.ocmflex.com\/fr\/portes-a-enroulement-rapide\/\" >\n\t\t\t\tPortes \u00e0 enroulement rapide\t\t\t<\/a>\n\t\t<\/h2>\n\t\t\t\t<div class=\"elementor-post__excerpt\">\n\t\t\t<p>Les portes \u00e0 enroulement rapide sont des portes rapides qui s&rsquo;ouvrent et se ferment par un mouvement d&rsquo;enroulement vertical.<\/p>\n\t\t<\/div>\n\t\t\n\t\t<a class=\"elementor-post__read-more\" href=\"https:\/\/www.ocmflex.com\/fr\/portes-a-enroulement-rapide\/\" aria-label=\"En savoir plus sur Portes \u00e0 enroulement rapide\" tabindex=\"-1\" >\n\t\t\tVoir l'article \u00bb\t\t<\/a>\n\n\t\t\t\t<\/div>\n\t\t\t\t\t<\/div>\n\t\t<\/article>\n\t\t\t\t<\/div>\n\t\t\n\t\t\t\t\t\t<\/div>\n\t\t\t\t<\/div>\n\t\t\t\t\t<\/div>\n\t\t<\/div>\n\t\t\t\t\t<\/div>\n\t\t<\/section>\n\t\t\t\t<\/div>\n\t\t","protected":false},"excerpt":{"rendered":"<p>Nouvelles et actualit\u00e9s Tout sur les portes industrielles<\/p>\n","protected":false},"author":1,"featured_media":0,"parent":0,"menu_order":0,"comment_status":"closed","ping_status":"closed","template":"","meta":{"footnotes":"","_wp_rev_ctl_limit":""},"class_list":["post-5407","page","type-page","status-publish","hentry"],"_links":{"self":[{"href":"https:\/\/www.ocmflex.com\/fr\/wp-json\/wp\/v2\/pages\/5407","targetHints":{"allow":["GET"]}}],"collection":[{"href":"https:\/\/www.ocmflex.com\/fr\/wp-json\/wp\/v2\/pages"}],"about":[{"href":"https:\/\/www.ocmflex.com\/fr\/wp-json\/wp\/v2\/types\/page"}],"author":[{"embeddable":true,"href":"https:\/\/www.ocmflex.com\/fr\/wp-json\/wp\/v2\/users\/1"}],"replies":[{"embeddable":true,"href":"https:\/\/www.ocmflex.com\/fr\/wp-json\/wp\/v2\/comments?post=5407"}],"version-history":[{"count":5,"href":"https:\/\/www.ocmflex.com\/fr\/wp-json\/wp\/v2\/pages\/5407\/revisions"}],"predecessor-version":[{"id":23470,"href":"https:\/\/www.ocmflex.com\/fr\/wp-json\/wp\/v2\/pages\/5407\/revisions\/23470"}],"wp:attachment":[{"href":"https:\/\/www.ocmflex.com\/fr\/wp-json\/wp\/v2\/media?parent=5407"}],"curies":[{"name":"wp","href":"https:\/\/api.w.org\/{rel}","templated":true}]}}