{"id":5019,"date":"2022-10-17T19:24:02","date_gmt":"2022-10-17T17:24:02","guid":{"rendered":"https:\/\/www.portoni-industriali.it\/dautres-produits-ocm\/"},"modified":"2023-11-09T16:34:06","modified_gmt":"2023-11-09T15:34:06","slug":"dautres-produits-ocm","status":"publish","type":"page","link":"https:\/\/www.ocmflex.com\/fr\/dautres-produits-ocm\/","title":{"rendered":"D&rsquo;autres produits OCM"},"content":{"rendered":"\t\t<div data-elementor-type=\"wp-page\" data-elementor-id=\"5019\" class=\"elementor elementor-5019 elementor-1329\" data-elementor-settings=\"{&quot;element_pack_global_tooltip_width&quot;:{&quot;unit&quot;:&quot;px&quot;,&quot;size&quot;:&quot;&quot;,&quot;sizes&quot;:[]},&quot;element_pack_global_tooltip_width_tablet&quot;:{&quot;unit&quot;:&quot;px&quot;,&quot;size&quot;:&quot;&quot;,&quot;sizes&quot;:[]},&quot;element_pack_global_tooltip_width_mobile&quot;:{&quot;unit&quot;:&quot;px&quot;,&quot;size&quot;:&quot;&quot;,&quot;sizes&quot;:[]},&quot;element_pack_global_tooltip_padding&quot;:{&quot;unit&quot;:&quot;px&quot;,&quot;top&quot;:&quot;&quot;,&quot;right&quot;:&quot;&quot;,&quot;bottom&quot;:&quot;&quot;,&quot;left&quot;:&quot;&quot;,&quot;isLinked&quot;:true},&quot;element_pack_global_tooltip_padding_tablet&quot;:{&quot;unit&quot;:&quot;px&quot;,&quot;top&quot;:&quot;&quot;,&quot;right&quot;:&quot;&quot;,&quot;bottom&quot;:&quot;&quot;,&quot;left&quot;:&quot;&quot;,&quot;isLinked&quot;:true},&quot;element_pack_global_tooltip_padding_mobile&quot;:{&quot;unit&quot;:&quot;px&quot;,&quot;top&quot;:&quot;&quot;,&quot;right&quot;:&quot;&quot;,&quot;bottom&quot;:&quot;&quot;,&quot;left&quot;:&quot;&quot;,&quot;isLinked&quot;:true},&quot;element_pack_global_tooltip_border_radius&quot;:{&quot;unit&quot;:&quot;px&quot;,&quot;top&quot;:&quot;&quot;,&quot;right&quot;:&quot;&quot;,&quot;bottom&quot;:&quot;&quot;,&quot;left&quot;:&quot;&quot;,&quot;isLinked&quot;:true},&quot;element_pack_global_tooltip_border_radius_tablet&quot;:{&quot;unit&quot;:&quot;px&quot;,&quot;top&quot;:&quot;&quot;,&quot;right&quot;:&quot;&quot;,&quot;bottom&quot;:&quot;&quot;,&quot;left&quot;:&quot;&quot;,&quot;isLinked&quot;:true},&quot;element_pack_global_tooltip_border_radius_mobile&quot;:{&quot;unit&quot;:&quot;px&quot;,&quot;top&quot;:&quot;&quot;,&quot;right&quot;:&quot;&quot;,&quot;bottom&quot;:&quot;&quot;,&quot;left&quot;:&quot;&quot;,&quot;isLinked&quot;:true}}\" data-elementor-post-type=\"page\">\n\t\t\t\t\t\t<section class=\"elementor-section elementor-top-section elementor-element elementor-element-9cc107b elementor-section-boxed elementor-section-height-default elementor-section-height-default\" data-id=\"9cc107b\" data-element_type=\"section\" data-e-type=\"section\">\n\t\t\t\t\t\t<div class=\"elementor-container elementor-column-gap-default\">\n\t\t\t\t\t<div class=\"elementor-column elementor-col-100 elementor-top-column elementor-element elementor-element-dd3e470\" data-id=\"dd3e470\" data-element_type=\"column\" data-e-type=\"column\">\n\t\t\t<div class=\"elementor-widget-wrap elementor-element-populated\">\n\t\t\t\t\t\t<div class=\"elementor-element elementor-element-ddd1293 elementor-hidden-desktop elementor-hidden-tablet elementor-hidden-phone elementor-widget elementor-widget-heading\" data-id=\"ddd1293\" data-element_type=\"widget\" data-e-type=\"widget\" data-widget_type=\"heading.default\">\n\t\t\t\t<div class=\"elementor-widget-container\">\n\t\t\t\t\t<h1 class=\"elementor-heading-title elementor-size-default\">Production et vente de portes industrielles, de portes de ponts roulants, de portes en poly\u00e9thyl\u00e8ne<\/h1>\t\t\t\t<\/div>\n\t\t\t\t<\/div>\n\t\t\t\t\t<\/div>\n\t\t<\/div>\n\t\t\t\t\t<\/div>\n\t\t<\/section>\n\t\t\t\t<section class=\"elementor-section elementor-top-section elementor-element elementor-element-a40d477 elementor-section-stretched elementor-section-full_width elementor-section-height-min-height elementor-section-items-top elementor-section-height-default\" data-id=\"a40d477\" data-element_type=\"section\" data-e-type=\"section\" data-settings=\"{&quot;stretch_section&quot;:&quot;section-stretched&quot;,&quot;background_background&quot;:&quot;classic&quot;}\">\n\t\t\t\t\t\t\t<div class=\"elementor-background-overlay\"><\/div>\n\t\t\t\t\t\t\t<div class=\"elementor-container elementor-column-gap-default\">\n\t\t\t\t\t<div class=\"elementor-column elementor-col-100 elementor-top-column elementor-element elementor-element-0f0cdc6\" data-id=\"0f0cdc6\" data-element_type=\"column\" data-e-type=\"column\">\n\t\t\t<div class=\"elementor-widget-wrap elementor-element-populated\">\n\t\t\t\t\t\t<div class=\"elementor-element elementor-element-e0ab009 animated-slow elementor-invisible elementor-widget elementor-widget-heading\" data-id=\"e0ab009\" data-element_type=\"widget\" data-e-type=\"widget\" data-settings=\"{&quot;_animation&quot;:&quot;fadeInDown&quot;}\" data-widget_type=\"heading.default\">\n\t\t\t\t<div class=\"elementor-widget-container\">\n\t\t\t\t\t<h2 class=\"elementor-heading-title elementor-size-default\">D'AUTRES PRODUITS<\/h2>\t\t\t\t<\/div>\n\t\t\t\t<\/div>\n\t\t\t\t<div class=\"elementor-element elementor-element-b121e7d animated-slow elementor-view-default elementor-invisible elementor-widget elementor-widget-icon\" data-id=\"b121e7d\" data-element_type=\"widget\" data-e-type=\"widget\" data-settings=\"{&quot;_animation&quot;:&quot;fadeIn&quot;}\" data-widget_type=\"icon.default\">\n\t\t\t\t<div class=\"elementor-widget-container\">\n\t\t\t\t\t\t\t<div class=\"elementor-icon-wrapper\">\n\t\t\t<a class=\"elementor-icon elementor-animation-wobble-vertical\" href=\"#surocm\">\n\t\t\t<i aria-hidden=\"true\" class=\"far fa-arrow-alt-circle-down\"><\/i>\t\t\t<\/a>\n\t\t<\/div>\n\t\t\t\t\t\t<\/div>\n\t\t\t\t<\/div>\n\t\t\t\t\t<\/div>\n\t\t<\/div>\n\t\t\t\t\t<\/div>\n\t\t<\/section>\n\t\t\t\t<section class=\"elementor-section elementor-top-section elementor-element elementor-element-85abf28 elementor-section-boxed elementor-section-height-default elementor-section-height-default\" data-id=\"85abf28\" data-element_type=\"section\" data-e-type=\"section\">\n\t\t\t\t\t\t<div class=\"elementor-container elementor-column-gap-default\">\n\t\t\t\t\t<div class=\"elementor-column elementor-col-100 elementor-top-column elementor-element elementor-element-894a6af\" data-id=\"894a6af\" data-element_type=\"column\" data-e-type=\"column\">\n\t\t\t<div class=\"elementor-widget-wrap elementor-element-populated\">\n\t\t\t\t\t\t<div class=\"elementor-element elementor-element-a2212f5 animated-slow elementor-invisible elementor-widget elementor-widget-heading\" data-id=\"a2212f5\" data-element_type=\"widget\" data-e-type=\"widget\" data-settings=\"{&quot;_animation&quot;:&quot;fadeInLeft&quot;,&quot;_animation_delay&quot;:3}\" data-widget_type=\"heading.default\">\n\t\t\t\t<div class=\"elementor-widget-container\">\n\t\t\t\t\t<h3 class=\"elementor-heading-title elementor-size-default\">D'AUTRES PRODUITS\n<br><font color=\"#016FCD\">OCMFLEX<\/font><\/br><\/h3>\t\t\t\t<\/div>\n\t\t\t\t<\/div>\n\t\t\t\t<div class=\"elementor-element elementor-element-d321296 animated-slow elementor-invisible elementor-widget elementor-widget-heading\" data-id=\"d321296\" data-element_type=\"widget\" data-e-type=\"widget\" data-settings=\"{&quot;_animation&quot;:&quot;fadeInLeft&quot;}\" data-widget_type=\"heading.default\">\n\t\t\t\t<div class=\"elementor-widget-container\">\n\t\t\t\t\t<h3 class=\"elementor-heading-title elementor-size-default\">OCM Portes Industrielles est sp\u00e9cialis\u00e9e dans la production d'autres types de produits pour r\u00e9pondre \u00e0 vos besoins particuliers.<\/h3>\t\t\t\t<\/div>\n\t\t\t\t<\/div>\n\t\t\t\t<div class=\"elementor-element elementor-element-7478720 elementor-posts--align-center elementor-grid-3 elementor-grid-tablet-2 elementor-grid-mobile-1 elementor-posts--thumbnail-top elementor-widget elementor-widget-posts\" data-id=\"7478720\" data-element_type=\"widget\" data-e-type=\"widget\" data-settings=\"{&quot;classic_columns&quot;:&quot;3&quot;,&quot;classic_columns_tablet&quot;:&quot;2&quot;,&quot;classic_columns_mobile&quot;:&quot;1&quot;,&quot;classic_row_gap&quot;:{&quot;unit&quot;:&quot;px&quot;,&quot;size&quot;:35,&quot;sizes&quot;:[]},&quot;classic_row_gap_tablet&quot;:{&quot;unit&quot;:&quot;px&quot;,&quot;size&quot;:&quot;&quot;,&quot;sizes&quot;:[]},&quot;classic_row_gap_mobile&quot;:{&quot;unit&quot;:&quot;px&quot;,&quot;size&quot;:&quot;&quot;,&quot;sizes&quot;:[]}}\" data-widget_type=\"posts.classic\">\n\t\t\t\t<div class=\"elementor-widget-container\">\n\t\t\t\t\t\t\t<div class=\"elementor-posts-container elementor-posts elementor-posts--skin-classic elementor-grid\" role=\"list\">\n\t\t\t\t<article class=\"elementor-post elementor-grid-item post-6810 prodotti type-prodotti status-publish has-post-thumbnail hentry categoria_prodotto-produits-secondaires\" role=\"listitem\">\n\t\t\t\t<a class=\"elementor-post__thumbnail__link\" href=\"https:\/\/www.ocmflex.com\/fr\/prodotti\/rideaux-metalliques\/\" tabindex=\"-1\" >\n\t\t\t<div class=\"elementor-post__thumbnail\"><img fetchpriority=\"high\" decoding=\"async\" width=\"800\" height=\"600\" src=\"https:\/\/www.ocmflex.com\/wp-content\/uploads\/2023\/12\/OCM-industrial-roller-shutter.webp\" class=\"attachment-full size-full wp-image-22587\" alt=\"volet roulant\" srcset=\"https:\/\/www.ocmflex.com\/wp-content\/uploads\/2023\/12\/OCM-industrial-roller-shutter.webp 800w, https:\/\/www.ocmflex.com\/wp-content\/uploads\/2023\/12\/OCM-industrial-roller-shutter-300x225.webp 300w, https:\/\/www.ocmflex.com\/wp-content\/uploads\/2023\/12\/OCM-industrial-roller-shutter-768x576.webp 768w\" sizes=\"(max-width: 800px) 100vw, 800px\" \/><\/div>\n\t\t<\/a>\n\t\t\t\t<div class=\"elementor-post__text\">\n\t\t\t\t<h3 class=\"elementor-post__title\">\n\t\t\t<a href=\"https:\/\/www.ocmflex.com\/fr\/prodotti\/rideaux-metalliques\/\" >\n\t\t\t\tRideaux m\u00e9talliques\t\t\t<\/a>\n\t\t<\/h3>\n\t\t\n\t\t<a class=\"elementor-post__read-more\" href=\"https:\/\/www.ocmflex.com\/fr\/prodotti\/rideaux-metalliques\/\" aria-label=\"En savoir plus sur Rideaux m\u00e9talliques\" tabindex=\"-1\" >\n\t\t\tLire la suite \u00bb\t\t<\/a>\n\n\t\t\t\t<\/div>\n\t\t\t\t<\/article>\n\t\t\t\t<article class=\"elementor-post elementor-grid-item post-6813 prodotti type-prodotti status-publish has-post-thumbnail hentry categoria_prodotto-produits-secondaires\" role=\"listitem\">\n\t\t\t\t<a class=\"elementor-post__thumbnail__link\" href=\"https:\/\/www.ocmflex.com\/fr\/prodotti\/cloisons-souples\/\" tabindex=\"-1\" >\n\t\t\t<div class=\"elementor-post__thumbnail\"><img decoding=\"async\" width=\"1600\" height=\"1200\" src=\"https:\/\/www.ocmflex.com\/wp-content\/uploads\/2023\/12\/OCM-industrial-partition-wall.webp\" class=\"attachment-full size-full wp-image-22467\" alt=\"cloisons souples\" srcset=\"https:\/\/www.ocmflex.com\/wp-content\/uploads\/2023\/12\/OCM-industrial-partition-wall.webp 1600w, https:\/\/www.ocmflex.com\/wp-content\/uploads\/2023\/12\/OCM-industrial-partition-wall-300x225.webp 300w, https:\/\/www.ocmflex.com\/wp-content\/uploads\/2023\/12\/OCM-industrial-partition-wall-1024x768.webp 1024w, https:\/\/www.ocmflex.com\/wp-content\/uploads\/2023\/12\/OCM-industrial-partition-wall-768x576.webp 768w, https:\/\/www.ocmflex.com\/wp-content\/uploads\/2023\/12\/OCM-industrial-partition-wall-1536x1152.webp 1536w\" sizes=\"(max-width: 1600px) 100vw, 1600px\" \/><\/div>\n\t\t<\/a>\n\t\t\t\t<div class=\"elementor-post__text\">\n\t\t\t\t<h3 class=\"elementor-post__title\">\n\t\t\t<a href=\"https:\/\/www.ocmflex.com\/fr\/prodotti\/cloisons-souples\/\" >\n\t\t\t\tCloisons souples\t\t\t<\/a>\n\t\t<\/h3>\n\t\t\n\t\t<a class=\"elementor-post__read-more\" href=\"https:\/\/www.ocmflex.com\/fr\/prodotti\/cloisons-souples\/\" aria-label=\"En savoir plus sur Cloisons souples\" tabindex=\"-1\" >\n\t\t\tLire la suite \u00bb\t\t<\/a>\n\n\t\t\t\t<\/div>\n\t\t\t\t<\/article>\n\t\t\t\t<article class=\"elementor-post elementor-grid-item post-6817 prodotti type-prodotti status-publish has-post-thumbnail hentry categoria_prodotto-produits-secondaires\" role=\"listitem\">\n\t\t\t\t<a class=\"elementor-post__thumbnail__link\" href=\"https:\/\/www.ocmflex.com\/fr\/prodotti\/sas-detancheite\/\" tabindex=\"-1\" >\n\t\t\t<div class=\"elementor-post__thumbnail\"><img decoding=\"async\" width=\"1600\" height=\"1200\" src=\"https:\/\/www.ocmflex.com\/wp-content\/uploads\/2023\/12\/OCM-loading-dock-shelter.webp\" class=\"attachment-full size-full wp-image-22687\" alt=\"sas d&#039;\u00e9tanch\u00e9it\u00e9\" srcset=\"https:\/\/www.ocmflex.com\/wp-content\/uploads\/2023\/12\/OCM-loading-dock-shelter.webp 1600w, https:\/\/www.ocmflex.com\/wp-content\/uploads\/2023\/12\/OCM-loading-dock-shelter-300x225.webp 300w, https:\/\/www.ocmflex.com\/wp-content\/uploads\/2023\/12\/OCM-loading-dock-shelter-1024x768.webp 1024w, https:\/\/www.ocmflex.com\/wp-content\/uploads\/2023\/12\/OCM-loading-dock-shelter-768x576.webp 768w, https:\/\/www.ocmflex.com\/wp-content\/uploads\/2023\/12\/OCM-loading-dock-shelter-1536x1152.webp 1536w\" sizes=\"(max-width: 1600px) 100vw, 1600px\" \/><\/div>\n\t\t<\/a>\n\t\t\t\t<div class=\"elementor-post__text\">\n\t\t\t\t<h3 class=\"elementor-post__title\">\n\t\t\t<a href=\"https:\/\/www.ocmflex.com\/fr\/prodotti\/sas-detancheite\/\" >\n\t\t\t\tSas d&rsquo;\u00e9tanch\u00e9it\u00e9\t\t\t<\/a>\n\t\t<\/h3>\n\t\t\n\t\t<a class=\"elementor-post__read-more\" href=\"https:\/\/www.ocmflex.com\/fr\/prodotti\/sas-detancheite\/\" aria-label=\"En savoir plus sur Sas d&rsquo;\u00e9tanch\u00e9it\u00e9\" tabindex=\"-1\" >\n\t\t\tLire la suite \u00bb\t\t<\/a>\n\n\t\t\t\t<\/div>\n\t\t\t\t<\/article>\n\t\t\t\t<article class=\"elementor-post elementor-grid-item post-6819 prodotti type-prodotti status-publish has-post-thumbnail hentry categoria_prodotto-produits-secondaires\" role=\"listitem\">\n\t\t\t\t<a class=\"elementor-post__thumbnail__link\" href=\"https:\/\/www.ocmflex.com\/fr\/prodotti\/rouleaux-de-pvc-souple\/\" tabindex=\"-1\" >\n\t\t\t<div class=\"elementor-post__thumbnail\"><img loading=\"lazy\" decoding=\"async\" width=\"600\" height=\"400\" src=\"https:\/\/www.ocmflex.com\/wp-content\/uploads\/2023\/12\/OCM-flexible-rolls.webp\" class=\"attachment-full size-full wp-image-22667\" alt=\"rouleaux de pvc souple\" srcset=\"https:\/\/www.ocmflex.com\/wp-content\/uploads\/2023\/12\/OCM-flexible-rolls.webp 600w, https:\/\/www.ocmflex.com\/wp-content\/uploads\/2023\/12\/OCM-flexible-rolls-300x200.webp 300w\" sizes=\"(max-width: 600px) 100vw, 600px\" \/><\/div>\n\t\t<\/a>\n\t\t\t\t<div class=\"elementor-post__text\">\n\t\t\t\t<h3 class=\"elementor-post__title\">\n\t\t\t<a href=\"https:\/\/www.ocmflex.com\/fr\/prodotti\/rouleaux-de-pvc-souple\/\" >\n\t\t\t\tRouleaux de PVC souple\t\t\t<\/a>\n\t\t<\/h3>\n\t\t\n\t\t<a class=\"elementor-post__read-more\" href=\"https:\/\/www.ocmflex.com\/fr\/prodotti\/rouleaux-de-pvc-souple\/\" aria-label=\"En savoir plus sur Rouleaux de PVC souple\" tabindex=\"-1\" >\n\t\t\tLire la suite \u00bb\t\t<\/a>\n\n\t\t\t\t<\/div>\n\t\t\t\t<\/article>\n\t\t\t\t<article class=\"elementor-post elementor-grid-item post-6823 prodotti type-prodotti status-publish has-post-thumbnail hentry categoria_prodotto-produits-secondaires\" role=\"listitem\">\n\t\t\t\t<a class=\"elementor-post__thumbnail__link\" href=\"https:\/\/www.ocmflex.com\/fr\/prodotti\/ecrans-de-soudure\/\" tabindex=\"-1\" >\n\t\t\t<div class=\"elementor-post__thumbnail\"><img loading=\"lazy\" decoding=\"async\" width=\"1600\" height=\"1200\" src=\"https:\/\/www.ocmflex.com\/wp-content\/uploads\/2023\/12\/OCM-welding-screen-red.webp\" class=\"attachment-full size-full wp-image-22643\" alt=\"\u00e9crans de soudure\" srcset=\"https:\/\/www.ocmflex.com\/wp-content\/uploads\/2023\/12\/OCM-welding-screen-red.webp 1600w, https:\/\/www.ocmflex.com\/wp-content\/uploads\/2023\/12\/OCM-welding-screen-red-300x225.webp 300w, https:\/\/www.ocmflex.com\/wp-content\/uploads\/2023\/12\/OCM-welding-screen-red-1024x768.webp 1024w, https:\/\/www.ocmflex.com\/wp-content\/uploads\/2023\/12\/OCM-welding-screen-red-768x576.webp 768w, https:\/\/www.ocmflex.com\/wp-content\/uploads\/2023\/12\/OCM-welding-screen-red-1536x1152.webp 1536w\" sizes=\"(max-width: 1600px) 100vw, 1600px\" \/><\/div>\n\t\t<\/a>\n\t\t\t\t<div class=\"elementor-post__text\">\n\t\t\t\t<h3 class=\"elementor-post__title\">\n\t\t\t<a href=\"https:\/\/www.ocmflex.com\/fr\/prodotti\/ecrans-de-soudure\/\" >\n\t\t\t\t\u00c9crans de soudure\t\t\t<\/a>\n\t\t<\/h3>\n\t\t\n\t\t<a class=\"elementor-post__read-more\" href=\"https:\/\/www.ocmflex.com\/fr\/prodotti\/ecrans-de-soudure\/\" aria-label=\"En savoir plus sur \u00c9crans de soudure\" tabindex=\"-1\" >\n\t\t\tLire la suite \u00bb\t\t<\/a>\n\n\t\t\t\t<\/div>\n\t\t\t\t<\/article>\n\t\t\t\t<article class=\"elementor-post elementor-grid-item post-6827 prodotti type-prodotti status-publish has-post-thumbnail hentry categoria_prodotto-produits-secondaires\" role=\"listitem\">\n\t\t\t\t<a class=\"elementor-post__thumbnail__link\" href=\"https:\/\/www.ocmflex.com\/fr\/prodotti\/portes-sectionnelles\/\" tabindex=\"-1\" >\n\t\t\t<div class=\"elementor-post__thumbnail\"><img loading=\"lazy\" decoding=\"async\" width=\"800\" height=\"600\" src=\"https:\/\/www.ocmflex.com\/wp-content\/uploads\/2023\/12\/OCM-industrial-sectional-door.webp\" class=\"attachment-full size-full wp-image-22559\" alt=\"Portes sectionnelles\" srcset=\"https:\/\/www.ocmflex.com\/wp-content\/uploads\/2023\/12\/OCM-industrial-sectional-door.webp 800w, https:\/\/www.ocmflex.com\/wp-content\/uploads\/2023\/12\/OCM-industrial-sectional-door-300x225.webp 300w, https:\/\/www.ocmflex.com\/wp-content\/uploads\/2023\/12\/OCM-industrial-sectional-door-768x576.webp 768w\" sizes=\"(max-width: 800px) 100vw, 800px\" \/><\/div>\n\t\t<\/a>\n\t\t\t\t<div class=\"elementor-post__text\">\n\t\t\t\t<h3 class=\"elementor-post__title\">\n\t\t\t<a href=\"https:\/\/www.ocmflex.com\/fr\/prodotti\/portes-sectionnelles\/\" >\n\t\t\t\tPortes sectionnelles\t\t\t<\/a>\n\t\t<\/h3>\n\t\t\n\t\t<a class=\"elementor-post__read-more\" href=\"https:\/\/www.ocmflex.com\/fr\/prodotti\/portes-sectionnelles\/\" aria-label=\"En savoir plus sur Portes sectionnelles\" tabindex=\"-1\" >\n\t\t\tLire la suite \u00bb\t\t<\/a>\n\n\t\t\t\t<\/div>\n\t\t\t\t<\/article>\n\t\t\t\t<article class=\"elementor-post elementor-grid-item post-6831 prodotti type-prodotti status-publish has-post-thumbnail hentry categoria_prodotto-produits-secondaires\" role=\"listitem\">\n\t\t\t\t<a class=\"elementor-post__thumbnail__link\" href=\"https:\/\/www.ocmflex.com\/fr\/prodotti\/barrieres-levantes\/\" tabindex=\"-1\" >\n\t\t\t<div class=\"elementor-post__thumbnail\"><img loading=\"lazy\" decoding=\"async\" width=\"800\" height=\"600\" src=\"https:\/\/www.ocmflex.com\/wp-content\/uploads\/2023\/12\/OCM-rising-arm-barrier.webp\" class=\"attachment-full size-full wp-image-22715\" alt=\"barri\u00e8res levantes\" srcset=\"https:\/\/www.ocmflex.com\/wp-content\/uploads\/2023\/12\/OCM-rising-arm-barrier.webp 800w, https:\/\/www.ocmflex.com\/wp-content\/uploads\/2023\/12\/OCM-rising-arm-barrier-300x225.webp 300w, https:\/\/www.ocmflex.com\/wp-content\/uploads\/2023\/12\/OCM-rising-arm-barrier-768x576.webp 768w\" sizes=\"(max-width: 800px) 100vw, 800px\" \/><\/div>\n\t\t<\/a>\n\t\t\t\t<div class=\"elementor-post__text\">\n\t\t\t\t<h3 class=\"elementor-post__title\">\n\t\t\t<a href=\"https:\/\/www.ocmflex.com\/fr\/prodotti\/barrieres-levantes\/\" >\n\t\t\t\tBarri\u00e8res levantes\t\t\t<\/a>\n\t\t<\/h3>\n\t\t\n\t\t<a class=\"elementor-post__read-more\" href=\"https:\/\/www.ocmflex.com\/fr\/prodotti\/barrieres-levantes\/\" aria-label=\"En savoir plus sur Barri\u00e8res levantes\" tabindex=\"-1\" >\n\t\t\tLire la suite \u00bb\t\t<\/a>\n\n\t\t\t\t<\/div>\n\t\t\t\t<\/article>\n\t\t\t\t<\/div>\n\t\t\n\t\t\t\t\t\t<\/div>\n\t\t\t\t<\/div>\n\t\t\t\t<div class=\"elementor-element elementor-element-548bc6f animated-slow premium-lq__none elementor-invisible elementor-widget elementor-widget-premium-addon-button\" data-id=\"548bc6f\" data-element_type=\"widget\" data-e-type=\"widget\" data-settings=\"{&quot;_animation&quot;:&quot;fadeInLeft&quot;}\" data-widget_type=\"premium-addon-button.default\">\n\t\t\t\t<div class=\"elementor-widget-container\">\n\t\t\t\t\t\n\n\t\t<a class=\"premium-button premium-button-none premium-btn-lg premium-button-none\" href=\"https:\/\/www.ocmflex.com\/fr\/contact\/#richiedi-preventivo\">\n\t\t\t<div class=\"premium-button-text-icon-wrapper\">\n\t\t\t\t\n\t\t\t\t\t\t\t\t\t<span >\n\t\t\t\t\t\tDemandez un Conseil Technique\t\t\t\t\t<\/span>\n\t\t\t\t\t\t\t<\/div>\n\n\t\t\t\n\t\t\t\n\t\t\t\n\t\t<\/a>\n\n\n\t\t\t\t\t\t<\/div>\n\t\t\t\t<\/div>\n\t\t\t\t\t<\/div>\n\t\t<\/div>\n\t\t\t\t\t<\/div>\n\t\t<\/section>\n\t\t\t\t<section class=\"elementor-section elementor-top-section elementor-element elementor-element-c9e65b2 elementor-section-boxed elementor-section-height-default elementor-section-height-default\" data-id=\"c9e65b2\" data-element_type=\"section\" data-e-type=\"section\" data-settings=\"{&quot;background_background&quot;:&quot;classic&quot;,&quot;shape_divider_top&quot;:&quot;arrow&quot;}\">\n\t\t\t\t\t<div class=\"elementor-shape elementor-shape-top\" aria-hidden=\"true\" data-negative=\"false\">\n\t\t\t<svg xmlns=\"http:\/\/www.w3.org\/2000\/svg\" viewBox=\"0 0 700 10\" preserveAspectRatio=\"none\">\n\t<path class=\"elementor-shape-fill\" d=\"M350,10L340,0h20L350,10z\"\/>\n<\/svg>\t\t<\/div>\n\t\t\t\t\t<div class=\"elementor-container elementor-column-gap-default\">\n\t\t\t\t\t<div class=\"elementor-column elementor-col-100 elementor-top-column elementor-element elementor-element-9849689\" data-id=\"9849689\" data-element_type=\"column\" data-e-type=\"column\">\n\t\t\t<div class=\"elementor-widget-wrap\">\n\t\t\t\t\t\t\t<\/div>\n\t\t<\/div>\n\t\t\t\t\t<\/div>\n\t\t<\/section>\n\t\t\t\t<section class=\"elementor-section elementor-top-section elementor-element elementor-element-a5e0420 elementor-section-boxed elementor-section-height-default elementor-section-height-default elementor-invisible\" data-id=\"a5e0420\" data-element_type=\"section\" data-e-type=\"section\" data-settings=\"{&quot;background_background&quot;:&quot;classic&quot;,&quot;animation&quot;:&quot;fadeInUp&quot;,&quot;animation_delay&quot;:1000}\">\n\t\t\t\t\t\t<div class=\"elementor-container elementor-column-gap-default\">\n\t\t\t\t\t<div class=\"elementor-column elementor-col-100 elementor-top-column elementor-element elementor-element-c2fac29\" data-id=\"c2fac29\" data-element_type=\"column\" data-e-type=\"column\">\n\t\t\t<div class=\"elementor-widget-wrap elementor-element-populated\">\n\t\t\t\t\t\t<div class=\"elementor-element elementor-element-d8253d7 elementor-widget elementor-widget-heading\" data-id=\"d8253d7\" data-element_type=\"widget\" data-e-type=\"widget\" data-widget_type=\"heading.default\">\n\t\t\t\t<div class=\"elementor-widget-container\">\n\t\t\t\t\t<span class=\"elementor-heading-title elementor-size-default\">PLUS D'INFORMATIONS<\/span>\t\t\t\t<\/div>\n\t\t\t\t<\/div>\n\t\t\t\t<div class=\"elementor-element elementor-element-03384e3 elementor-widget elementor-widget-heading\" data-id=\"03384e3\" data-element_type=\"widget\" data-e-type=\"widget\" data-widget_type=\"heading.default\">\n\t\t\t\t<div class=\"elementor-widget-container\">\n\t\t\t\t\t<span class=\"elementor-heading-title elementor-size-default\">CONTACTEZ-NOUS POUR OBTENIR PLUS D'INFORMATIONS ET UN DEVIS GRATUIT<\/span>\t\t\t\t<\/div>\n\t\t\t\t<\/div>\n\t\t\t\t<div class=\"elementor-element elementor-element-487e952 animated-slow premium-lq__none elementor-invisible elementor-widget elementor-widget-premium-addon-button\" data-id=\"487e952\" data-element_type=\"widget\" data-e-type=\"widget\" data-settings=\"{&quot;_animation&quot;:&quot;bounceIn&quot;}\" data-widget_type=\"premium-addon-button.default\">\n\t\t\t\t<div class=\"elementor-widget-container\">\n\t\t\t\t\t\n\n\t\t<a class=\"premium-button premium-button-none premium-btn-lg premium-button-none\" href=\"https:\/\/www.ocmflex.com\/fr\/contact\/#richiedi-preventivo\">\n\t\t\t<div class=\"premium-button-text-icon-wrapper\">\n\t\t\t\t\n\t\t\t\t\t\t\t\t\t<span >\n\t\t\t\t\t\tContactez nos sp\u00e9cialistes\t\t\t\t\t<\/span>\n\t\t\t\t\t\t\t<\/div>\n\n\t\t\t\n\t\t\t\n\t\t\t\n\t\t<\/a>\n\n\n\t\t\t\t\t\t<\/div>\n\t\t\t\t<\/div>\n\t\t\t\t\t<\/div>\n\t\t<\/div>\n\t\t\t\t\t<\/div>\n\t\t<\/section>\n\t\t\t\t<\/div>\n\t\t","protected":false},"excerpt":{"rendered":"<p>Production et vente de portes industrielles, de portes de ponts roulants, de portes en poly\u00e9thyl\u00e8ne D&rsquo;AUTRES PRODUITS D&rsquo;AUTRES PRODUITS OCMFLEX OCM Portes Industrielles est sp\u00e9cialis\u00e9e<\/p>\n","protected":false},"author":2,"featured_media":0,"parent":0,"menu_order":0,"comment_status":"closed","ping_status":"closed","template":"elementor_header_footer","meta":{"footnotes":"","_wp_rev_ctl_limit":""},"class_list":["post-5019","page","type-page","status-publish","hentry"],"_links":{"self":[{"href":"https:\/\/www.ocmflex.com\/fr\/wp-json\/wp\/v2\/pages\/5019","targetHints":{"allow":["GET"]}}],"collection":[{"href":"https:\/\/www.ocmflex.com\/fr\/wp-json\/wp\/v2\/pages"}],"about":[{"href":"https:\/\/www.ocmflex.com\/fr\/wp-json\/wp\/v2\/types\/page"}],"author":[{"embeddable":true,"href":"https:\/\/www.ocmflex.com\/fr\/wp-json\/wp\/v2\/users\/2"}],"replies":[{"embeddable":true,"href":"https:\/\/www.ocmflex.com\/fr\/wp-json\/wp\/v2\/comments?post=5019"}],"version-history":[{"count":0,"href":"https:\/\/www.ocmflex.com\/fr\/wp-json\/wp\/v2\/pages\/5019\/revisions"}],"wp:attachment":[{"href":"https:\/\/www.ocmflex.com\/fr\/wp-json\/wp\/v2\/media?parent=5019"}],"curies":[{"name":"wp","href":"https:\/\/api.w.org\/{rel}","templated":true}]}}